{"id":182,"date":"2023-03-03T13:17:59","date_gmt":"2023-03-03T12:17:59","guid":{"rendered":"https:\/\/a-la-ligne.fr\/?page_id=182"},"modified":"2023-03-03T13:50:51","modified_gmt":"2023-03-03T12:50:51","slug":"presse-grand-public","status":"publish","type":"page","link":"https:\/\/a-la-ligne.fr\/index.php\/presse-grand-public\/","title":{"rendered":"Presse grand public"},"content":{"rendered":"\n<p>Patrimoine, art, architecture, loisirs ou art de vivre\u2026 la presse demande de savoir s\u2018adapter \u00e0 n\u2019importe quel sujet dans des d\u00e9lais contraints. J\u2018interviens principalement dans ce domaine en tant que secr\u00e9taire de r\u00e9daction pour des magazines ou des hors-s\u00e9rie. <\/p>\n\n\n\n<p>J&rsquo;ai ainsi eu l&rsquo;occasion de collaborer avec diverses r\u00e9dactions, et sur diff\u00e9rents sujets :<\/p>\n\n\n\n<ul>\n<li><em>Causette<\/em> (\u00e9ditions Gyn\u00e9thic)<\/li>\n\n\n\n<li><em>Bois<\/em> (\u00e9ditions Tomac\u00e9)<\/li>\n\n\n\n<li><em>Connaissance des arts<\/em> &#8211; hors-s\u00e9rie<\/li>\n\n\n\n<li><em>Le Parisien<\/em> &#8211; hors-s\u00e9rie Patrimoine et balades<\/li>\n<\/ul>\n\n\n\n<figure class=\"is-layout-flex wp-block-gallery-1 wp-block-gallery has-nested-images columns-default is-cropped\">\n<figure class=\"wp-block-image size-large\"><img decoding=\"async\" loading=\"lazy\" width=\"1024\" height=\"683\" data-id=\"184\"  src=\"https:\/\/a-la-ligne.fr\/wp-content\/uploads\/2023\/03\/CD_arts_in-1024x683.jpg\" alt=\"\" class=\"wp-image-184\" srcset=\"https:\/\/a-la-ligne.fr\/wp-content\/uploads\/2023\/03\/CD_arts_in-1024x683.jpg 1024w, https:\/\/a-la-ligne.fr\/wp-content\/uploads\/2023\/03\/CD_arts_in-300x200.jpg 300w, https:\/\/a-la-ligne.fr\/wp-content\/uploads\/2023\/03\/CD_arts_in-768x512.jpg 768w, https:\/\/a-la-ligne.fr\/wp-content\/uploads\/2023\/03\/CD_arts_in-1536x1024.jpg 1536w, https:\/\/a-la-ligne.fr\/wp-content\/uploads\/2023\/03\/CD_arts_in-2048x1366.jpg 2048w, https:\/\/a-la-ligne.fr\/wp-content\/uploads\/2023\/03\/CD_arts_in-360x240.jpg 360w\" sizes=\"(max-width: 1024px) 100vw, 1024px\" \/><figcaption class=\"wp-element-caption\"><em>Connaissance des arts<\/em>, hors-s\u00e9rie de l&rsquo;\u00e9xposition Sorolla.<\/figcaption><\/figure>\n\n\n\n<figure class=\"wp-block-image size-large\"><img decoding=\"async\" loading=\"lazy\" width=\"1000\" height=\"667\" data-id=\"107\"  src=\"https:\/\/a-la-ligne.fr\/wp-content\/uploads\/2021\/01\/chalets_couv.jpg\" alt=\"\" class=\"wp-image-107\" srcset=\"https:\/\/a-la-ligne.fr\/wp-content\/uploads\/2021\/01\/chalets_couv.jpg 1000w, https:\/\/a-la-ligne.fr\/wp-content\/uploads\/2021\/01\/chalets_couv-300x200.jpg 300w, https:\/\/a-la-ligne.fr\/wp-content\/uploads\/2021\/01\/chalets_couv-768x512.jpg 768w, https:\/\/a-la-ligne.fr\/wp-content\/uploads\/2021\/01\/chalets_couv-360x240.jpg 360w\" sizes=\"(max-width: 1000px) 100vw, 1000px\" \/><figcaption class=\"wp-element-caption\">Magazine <em>Bois<\/em>, d\u00e9di\u00e9 \u00e0 l&rsquo;architecture.<\/figcaption><\/figure>\n<\/figure>\n\n\n\n<div style=\"height:40px\" aria-hidden=\"true\" class=\"wp-block-spacer\"><\/div>\n\n\n\n<div class=\"is-layout-flex wp-container-5 wp-block-columns\">\n<div class=\"is-layout-flow wp-block-column\" style=\"flex-basis:100%\">\n<div class=\"is-layout-constrained wp-block-group\"><div class=\"wp-block-group__inner-container\">\n<p>Je suis \u00e9galement r\u00e9dactrice pour les rubriques d\u00e9co, <em>do it yourself<\/em> et art de vivre pour : <\/p>\n\n\n\n<ul>\n<li><em>Prima<\/em> (mensuel)<\/li>\n\n\n\n<li><em>Femme actuelle<\/em> (hebdomadaire)<\/li>\n<\/ul>\n<\/div><\/div>\n<\/div>\n<\/div>\n\n\n\n<figure class=\"is-layout-flex wp-block-gallery-6 wp-block-gallery has-nested-images columns-default is-cropped\">\n<figure class=\"wp-block-image size-large\"><img decoding=\"async\" loading=\"lazy\" width=\"1024\" height=\"576\" data-id=\"139\"  src=\"https:\/\/a-la-ligne.fr\/wp-content\/uploads\/2021\/01\/Prima_INT-1024x576.jpg\" alt=\"\" class=\"wp-image-139\" srcset=\"https:\/\/a-la-ligne.fr\/wp-content\/uploads\/2021\/01\/Prima_INT-1024x576.jpg 1024w, https:\/\/a-la-ligne.fr\/wp-content\/uploads\/2021\/01\/Prima_INT-300x169.jpg 300w, https:\/\/a-la-ligne.fr\/wp-content\/uploads\/2021\/01\/Prima_INT-768x432.jpg 768w, https:\/\/a-la-ligne.fr\/wp-content\/uploads\/2021\/01\/Prima_INT-1536x864.jpg 1536w, https:\/\/a-la-ligne.fr\/wp-content\/uploads\/2021\/01\/Prima_INT.jpg 1920w\" sizes=\"(max-width: 1024px) 100vw, 1024px\" \/><figcaption class=\"wp-element-caption\">Article paru dans <em>Prima<\/em> hors-s\u00e9rie No\u00ebl 2020.<\/figcaption><\/figure>\n<\/figure>\n\n\n\n<div style=\"height:40px\" aria-hidden=\"true\" class=\"wp-block-spacer\"><\/div>\n","protected":false},"excerpt":{"rendered":"<p>Patrimoine, art, architecture, loisirs ou art de vivre\u2026 la presse demande de savoir s\u2018adapter \u00e0 n\u2019importe quel sujet dans des d\u00e9lais contraints. J\u2018interviens principalement dans ce domaine en tant que secr\u00e9taire de r\u00e9daction pour des magazines ou des hors-s\u00e9rie. J&rsquo;ai<\/p>\n","protected":false},"author":1,"featured_media":184,"parent":0,"menu_order":0,"comment_status":"closed","ping_status":"closed","template":"","meta":[],"_links":{"self":[{"href":"https:\/\/a-la-ligne.fr\/index.php\/wp-json\/wp\/v2\/pages\/182"}],"collection":[{"href":"https:\/\/a-la-ligne.fr\/index.php\/wp-json\/wp\/v2\/pages"}],"about":[{"href":"https:\/\/a-la-ligne.fr\/index.php\/wp-json\/wp\/v2\/types\/page"}],"author":[{"embeddable":true,"href":"https:\/\/a-la-ligne.fr\/index.php\/wp-json\/wp\/v2\/users\/1"}],"replies":[{"embeddable":true,"href":"https:\/\/a-la-ligne.fr\/index.php\/wp-json\/wp\/v2\/comments?post=182"}],"version-history":[{"count":13,"href":"https:\/\/a-la-ligne.fr\/index.php\/wp-json\/wp\/v2\/pages\/182\/revisions"}],"predecessor-version":[{"id":203,"href":"https:\/\/a-la-ligne.fr\/index.php\/wp-json\/wp\/v2\/pages\/182\/revisions\/203"}],"wp:featuredmedia":[{"embeddable":true,"href":"https:\/\/a-la-ligne.fr\/index.php\/wp-json\/wp\/v2\/media\/184"}],"wp:attachment":[{"href":"https:\/\/a-la-ligne.fr\/index.php\/wp-json\/wp\/v2\/media?parent=182"}],"curies":[{"name":"wp","href":"https:\/\/api.w.org\/{rel}","templated":true}]}}